{"id":474,"date":"2021-06-08T06:45:49","date_gmt":"2021-06-08T06:45:49","guid":{"rendered":"https:\/\/zig-zag.com.es\/?page_id=474"},"modified":"2021-06-08T06:45:50","modified_gmt":"2021-06-08T06:45:50","slug":"politica-de-cookies","status":"publish","type":"page","link":"https:\/\/zig-zag.com.es\/?page_id=474","title":{"rendered":"POL\u00cdTICA DE COOKIES"},"content":{"rendered":"\n<p>1.<strong> \u00bfQU\u00c9 SON LAS COOKIES Y C\u00d3MO LAS UTILIZAN LOS SITIOS WEB DE ZIG-ZAG.COM.ES?<\/strong><\/p>\n\n\n\n<p>Las Cookies son archivos que el sitio web o la aplicaci\u00f3n que utilizas instala en tu navegador o en tu dispositivo (Smartphone, tableta o televisi\u00f3n conectada) durante tu recorrido por las p\u00e1ginas o por la aplicaci\u00f3n, y sirven para almacenar informaci\u00f3n sobre tu visita. Como la mayor\u00eda de los sitios en internet, los portales web de zig-zag.com.es utilizan Cookies para:<\/p>\n\n\n\n<ul class=\"wp-block-list\"><li>Asegurar que las p\u00e1ginas web pueden funcionar correctamente<\/li><li>Almacenar tus preferencias, como el idioma que has seleccionado o el tama\u00f1o de letra.<\/li><li>Conocer tu experiencia de navegaci\u00f3n.<\/li><li>Recopilar informaci\u00f3n estad\u00edstica an\u00f3nima, como qu\u00e9 p\u00e1ginas has visto o cu\u00e1nto tiempo has estado en nuestros medios.<\/li><\/ul>\n\n\n\n<p>El uso de Cookies nos permite optimizar tu navegaci\u00f3n, adaptando la informaci\u00f3n y los servicios ofrecidos a tus intereses, para proporcionarte una mejor experiencia siempre que nos visites. Los sitios web de Zigzag Trading S.L. utilizan Cookies para funcionar, adaptar y facilitar al m\u00e1ximo la navegaci\u00f3n del Usuario.<\/p>\n\n\n\n<p>Las Cookies se asocian \u00fanicamente a un usuario an\u00f3nimo y su ordenador\/dispositivo y no proporcionan referencias que permitan conocer datos personales. En todo momento podr\u00e1s acceder a la configuraci\u00f3n de tu navegador para modificar y\/o bloquear la instalaci\u00f3n de las Cookies enviadas por los sitios web de Zigzag Trading S.L., sin que ello impida al acceso a los contenidos. Sin embargo, la calidad del funcionamiento de los Servicios puede verse afectada y puede dar problemas en el inicio de sesi\u00f3n.<\/p>\n\n\n\n<p>Los Usuarios que completen el proceso de registro o hayan iniciado sesi\u00f3n con sus datos de acceso podr\u00e1n acceder a servicios personalizados y adaptados a sus preferencias seg\u00fan la informaci\u00f3n personal suministrada en el momento del registro y la almacenada en la Cookie de su navegador.<\/p>\n\n\n\n<p><strong>2.&nbsp;<\/strong><strong>\u00bfPOR QU\u00c9 SON IMPORTANTES?<\/strong><\/p>\n\n\n\n<ul class=\"wp-block-list\"><li>Desde un punto de vista t\u00e9cnico, permiten que los sitios web funcionen de forma m\u00e1s \u00e1gil y adaptada a las preferencias de los usuarios, como por ejemplo almacenar el idioma, la moneda del pa\u00eds o detectar el dispositivo de acceso.<\/li><li>Establecen niveles de protecci\u00f3n y seguridad que Impiden o dificultan ciberataques contra el sitio web o sus usuarios.<\/li><li>Permiten que los gestores de los medios puedan conocer datos estad\u00edsticos recopilados en las Cookies para mejorar la calidad y experiencia de sus servicios.<\/li><li>Sirven para optimizar la publicidad que mostramos a los usuarios, ofreciendo la que m\u00e1s se ajusta a sus intereses.<\/li><\/ul>\n\n\n\n<p><strong>&nbsp;3. \u00bfCU\u00c1LES SON LOS DIFERENTES TIPOS DE COOKIES QUE PODEMOS UTILIZAR EN ZIG-ZAG.COM.ES?<\/strong><\/p>\n\n\n\n<p>Las de sesi\u00f3n expiran cuando el Usuario abandona la p\u00e1gina o cierra el navegador, es decir, est\u00e1n activas mientras dura la visita al sitio web y por tanto son borradas de nuestro ordenador al abandonarlo.<\/p>\n\n\n\n<p>Las permanentes expiran cuando se cumple el objetivo para el que sirven o bien cuando se borran manualmente, tienen fecha de borrado y se utilizan normalmente en proceso de compra online, personalizaciones o en el registro, para no tener que introducir nuestra contrase\u00f1a constantemente.<br>Por otro lado, seg\u00fan quien sea la entidad que gestione el equipo o dominio desde donde se env\u00edan las cookies y trate los datos que se obtengan, podemos distinguir entre Cookies propias y de terceros.<\/p>\n\n\n\n<p>Las Cookies propias son aquellas Cookies que son enviadas a tu ordenador y gestionadas exclusivamente por nosotros para el mejor funcionamiento del Sitio Web. La informaci\u00f3n que recabamos se emplea para mejorar la calidad de nuestro servicio y tu experiencia como usuario.<\/p>\n\n\n\n<p>Si interact\u00faas con el contenido de nuestro Sitio Web tambi\u00e9n pueden establecerse cookies de terceros (por ejemplo, al pulsar botones de redes sociales o visionar v\u00eddeos alojados en otro sitio web), que son aquellas establecidas por un dominio diferente de nuestro Sitio Web. No podemos acceder a los datos almacenados en las cookies de otros sitios web cuando navegues en los citados sitios web.<\/p>\n\n\n\n<p>Navegar por este portal web supone que se puedan instalar los siguientes tipos de Cookies:<\/p>\n\n\n\n<p>Cookies t\u00e9cnicas : Son aqu\u00e9llas que permiten al usuario la navegaci\u00f3n a trav\u00e9s de una p\u00e1gina web, plataforma o aplicaci\u00f3n y la utilizaci\u00f3n de las diferentes opciones o servicios que en ella existan como, por ejemplo, controlar el tr\u00e1fico y la comunicaci\u00f3n de datos, identificar la sesi\u00f3n, acceder a partes de acceso restringido, recordar los elementos que integran un pedido, realizar el proceso de compra de un pedido, realizar la solicitud de inscripci\u00f3n o participaci\u00f3n en un evento, utilizar elementos de seguridad durante la navegaci\u00f3n, almacenar contenidos para la difusi\u00f3n de v\u00eddeos o sonido o compartir contenidos a trav\u00e9s de redes sociales.<\/p>\n\n\n\n<p>Cookies de personalizaci\u00f3n: Son aqu\u00e9llas que permiten al usuario acceder al servicio con algunas caracter\u00edsticas de car\u00e1cter general predefinidas en funci\u00f3n de una serie de criterios en el terminal del usuario como por ejemplo serian el idioma, el tipo de navegador a trav\u00e9s del cual accede al servicio, la configuraci\u00f3n regional desde donde accede al servicio, etc.<\/p>\n\n\n\n<p>Cookies de an\u00e1lisis: Son aquellas que permiten al responsable de las mismas, el seguimiento y an\u00e1lisis del comportamiento de los usuarios de los sitios web a los que est\u00e1n vinculadas. La informaci\u00f3n recogida mediante este tipo de cookies se utiliza en la medici\u00f3n de la actividad de los sitios web, aplicaci\u00f3n o plataforma y para la elaboraci\u00f3n de perfiles de navegaci\u00f3n de los usuarios de dichos sitios, aplicaciones y plataformas, con el fin de introducir mejoras en funci\u00f3n del an\u00e1lisis de los datos de uso que hacen los usuarios del servicio.<\/p>\n\n\n\n<p><strong>4. EST\u00c1 P\u00c1GINA WEB UTILIZA GOOGLE ANALYTICS.<\/strong><\/p>\n\n\n\n<p>Google Analytics es una herramienta gratuita de an\u00e1lisis web de Google que principalmente permite que los propietarios de sitios web conozcan c\u00f3mo interact\u00faan los usuarios con su sitio web. Asimismo, habilita cookies en el dominio del sitio en el que te encuentras y utiliza un conjunto de cookies denominadas \u201c__utma\u201d y \u201c__utmz\u201d para recopilar informaci\u00f3n de forma an\u00f3nima y elaborar informes de tendencias de sitios web sin identificar a usuarios individuales.<\/p>\n\n\n\n<p>Para realizar las estad\u00edsticas de uso de esta Web utilizamos las cookies con la finalidad de conocer el nivel de recurrencia de nuestros visitantes y los contenidos que resultan m\u00e1s interesantes. De esta manera podemos concentrar nuestros esfuerzos en mejorar las \u00e1reas m\u00e1s visitadas y hacer que el usuario encuentre m\u00e1s f\u00e1cilmente lo que busca. En esta Web puede utilizarse la informaci\u00f3n de su visita para realizar evaluaciones y c\u00e1lculos estad\u00edsticos sobre datos an\u00f3nimos, as\u00ed como para garantizar la continuidad del servicio o para realizar mejoras en sus sitios Web. Para m\u00e1s detalles, consulte en el siguiente enlace la pol\u00edtica de privacidad \u2013 [http:\/\/www.google.com\/intl\/es\/policies\/privacy\/]<\/p>\n\n\n\n<p>Algunos servicios de Zigzag Trading S.L. pueden utilizar conectores con diversas redes sociales: Facebook, Instagram, etc. Al utilizar el registro social, autorizas a la red social a almacenar una Cookie persistente. Esta Cookie recuerda tu identificaci\u00f3n en el servicio, haciendo mucho m\u00e1s r\u00e1pido el acceso en siguientes visitas. Esta Cookie puede ser eliminada, y adem\u00e1s, puedes anular los permisos de los servicios de acceso a los servicios de Zigzag Trading S.L. desde la configuraci\u00f3n de privacidad de la red social concreta.<\/p>\n\n\n\n<p><strong>&nbsp;5. \u00bfC\u00d3MO PUEDO CONFIGURAR MIS COOKIES?<\/strong><\/p>\n\n\n\n<p>Al navegar y continuar en nuestro Sitio Web estar\u00e1 consintiendo el uso de las Cookies en las condiciones contenidas en la presente Pol\u00edtica de Cookies. zig-zag.com.es proporciona acceso a esta Pol\u00edtica de Cookies en el momento del registro con el objetivo de que el usuario est\u00e9 informado, y sin perjuicio de que \u00e9ste pueda ejercer su derecho a bloquear, eliminar y rechazar el uso de Cookies en todo momento.<\/p>\n\n\n\n<p>En cualquier caso le informamos de que, dado que las Cookies no son necesarias para el uso de nuestro Sitio Web, puede bloquearlas o deshabilitarlas activando la configuraci\u00f3n de su navegador, que le permite rechazar la instalaci\u00f3n de todas las cookies o de algunas de ellas. La pr\u00e1ctica mayor\u00eda de los navegadores permiten advertir de la presencia de Cookies o rechazarlas autom\u00e1ticamente. Si las rechaza podr\u00e1 seguir usando nuestro Sitio Web, aunque el uso de algunos de sus servicios podr\u00e1 ser limitado y por tanto su experiencia en nuestro Sitio Web menos satisfactoria.<\/p>\n\n\n\n<p><strong>6. \u00bfACTUALIZAMOS NUESTRA POL\u00cdTICA DE COOKIES?<\/strong><\/p>\n\n\n\n<p>Es posible que actualicemos la Pol\u00edtica de Cookies de nuestro Sitio Web, por ello le recomendamos revisar esta pol\u00edtica cada vez que acceda a nuestro Sitio Web con el objetivo de estar adecuadamente informado sobre c\u00f3mo y para qu\u00e9 usamos las cookies.<\/p>\n\n\n\n<p><strong>7. CONSENTIMIENTO INFORMADO<\/strong> <\/p>\n\n\n\n<p>La utilizaci\u00f3n de la presente p\u00e1gina Web por su parte, implica que Ud. presta su consentimiento expreso e inequ\u00edvoco a la utilizaci\u00f3n de cookies, en los t\u00e9rminos y condiciones previstos en esta Pol\u00edtica de Cookies, sin perjuicio de las medidas de desactivaci\u00f3n y eliminaci\u00f3n de las cookies que Vd. pueda adoptar, y que se mencionan en el apartado anterior.<\/p>\n","protected":false},"excerpt":{"rendered":"<p>1. \u00bfQU\u00c9 SON LAS COOKIES Y C\u00d3MO LAS UTILIZAN LOS SITIOS WEB DE ZIG-ZAG.COM.ES? Las Cookies son archivos que el sitio web o la aplicaci\u00f3n que utilizas instala en tu navegador o en tu dispositivo (Smartphone, tableta o televisi\u00f3n conectada) durante tu recorrido por las p\u00e1ginas o por la aplicaci\u00f3n, y sirven para almacenar informaci\u00f3n &hellip;<\/p>\n<p class=\"read-more\"> <a class=\"\" href=\"https:\/\/zig-zag.com.es\/?page_id=474\"> <span class=\"screen-reader-text\">POL\u00cdTICA DE COOKIES<\/span> Read More &raquo;<\/a><\/p>\n","protected":false},"author":1,"featured_media":0,"parent":0,"menu_order":0,"comment_status":"closed","ping_status":"closed","template":"","meta":{"_joinchat":[],"footnotes":""},"class_list":["post-474","page","type-page","status-publish","hentry"],"_links":{"self":[{"href":"https:\/\/zig-zag.com.es\/index.php?rest_route=\/wp\/v2\/pages\/474","targetHints":{"allow":["GET"]}}],"collection":[{"href":"https:\/\/zig-zag.com.es\/index.php?rest_route=\/wp\/v2\/pages"}],"about":[{"href":"https:\/\/zig-zag.com.es\/index.php?rest_route=\/wp\/v2\/types\/page"}],"author":[{"embeddable":true,"href":"https:\/\/zig-zag.com.es\/index.php?rest_route=\/wp\/v2\/users\/1"}],"replies":[{"embeddable":true,"href":"https:\/\/zig-zag.com.es\/index.php?rest_route=%2Fwp%2Fv2%2Fcomments&post=474"}],"version-history":[{"count":1,"href":"https:\/\/zig-zag.com.es\/index.php?rest_route=\/wp\/v2\/pages\/474\/revisions"}],"predecessor-version":[{"id":475,"href":"https:\/\/zig-zag.com.es\/index.php?rest_route=\/wp\/v2\/pages\/474\/revisions\/475"}],"wp:attachment":[{"href":"https:\/\/zig-zag.com.es\/index.php?rest_route=%2Fwp%2Fv2%2Fmedia&parent=474"}],"curies":[{"name":"wp","href":"https:\/\/api.w.org\/{rel}","templated":true}]}}