{"id":287,"date":"2021-06-03T09:34:05","date_gmt":"2021-06-03T09:34:05","guid":{"rendered":"https:\/\/zig-zag.com.es\/?page_id=287"},"modified":"2021-06-03T12:31:37","modified_gmt":"2021-06-03T12:31:37","slug":"accesorios-de-hogar","status":"publish","type":"page","link":"https:\/\/zig-zag.com.es\/?page_id=287","title":{"rendered":"ACCESORIOS DE HOGAR"},"content":{"rendered":"\t\t<div data-elementor-type=\"wp-page\" data-elementor-id=\"287\" class=\"elementor elementor-287\">\n\t\t\t\t\t\t<section class=\"elementor-section elementor-top-section elementor-element elementor-element-4ee9a7c7 elementor-section-height-min-height elementor-section-content-middle elementor-section-boxed elementor-section-height-default elementor-section-items-middle\" data-id=\"4ee9a7c7\" data-element_type=\"section\" data-settings=\"{&quot;background_background&quot;:&quot;slideshow&quot;,&quot;background_slideshow_gallery&quot;:[{&quot;id&quot;:297,&quot;url&quot;:&quot;https:\\\/\\\/zig-zag.com.es\\\/wp-content\\\/uploads\\\/2021\\\/06\\\/Detalle-glass-scaled.jpg&quot;},{&quot;id&quot;:308,&quot;url&quot;:&quot;https:\\\/\\\/zig-zag.com.es\\\/wp-content\\\/uploads\\\/2021\\\/06\\\/christian-mackie-cc0Gg3BegjE-unsplash-scaled.jpg&quot;}],&quot;background_slideshow_loop&quot;:&quot;yes&quot;,&quot;background_slideshow_slide_duration&quot;:5000,&quot;background_slideshow_slide_transition&quot;:&quot;fade&quot;,&quot;background_slideshow_transition_duration&quot;:500}\">\n\t\t\t\t\t\t\t<div class=\"elementor-background-overlay\"><\/div>\n\t\t\t\t\t\t\t<div class=\"elementor-container elementor-column-gap-default\">\n\t\t\t\t\t<div class=\"elementor-column elementor-col-100 elementor-top-column elementor-element elementor-element-3aafe124\" data-id=\"3aafe124\" data-element_type=\"column\">\n\t\t\t<div class=\"elementor-widget-wrap\">\n\t\t\t\t\t\t\t<\/div>\n\t\t<\/div>\n\t\t\t\t\t<\/div>\n\t\t<\/section>\n\t\t\t\t<section class=\"elementor-section elementor-top-section elementor-element elementor-element-3b33a552 elementor-section-content-middle elementor-section-boxed elementor-section-height-default elementor-section-height-default\" data-id=\"3b33a552\" data-element_type=\"section\">\n\t\t\t\t\t\t<div class=\"elementor-container elementor-column-gap-default\">\n\t\t\t\t\t<div class=\"elementor-column elementor-col-50 elementor-top-column elementor-element elementor-element-442399ba\" data-id=\"442399ba\" data-element_type=\"column\">\n\t\t\t<div class=\"elementor-widget-wrap elementor-element-populated\">\n\t\t\t\t\t\t<div class=\"elementor-element elementor-element-65c63e3e elementor-widget elementor-widget-heading\" data-id=\"65c63e3e\" data-element_type=\"widget\" data-widget_type=\"heading.default\">\n\t\t\t\t<div class=\"elementor-widget-container\">\n\t\t\t\t\t<h2 class=\"elementor-heading-title elementor-size-large\">Accesorios de hogar<\/h2>\t\t\t\t<\/div>\n\t\t\t\t<\/div>\n\t\t\t\t<div class=\"elementor-element elementor-element-27f0db05 elementor-widget-divider--view-line elementor-widget elementor-widget-divider\" data-id=\"27f0db05\" data-element_type=\"widget\" data-widget_type=\"divider.default\">\n\t\t\t\t<div class=\"elementor-widget-container\">\n\t\t\t\t\t\t\t<div class=\"elementor-divider\">\n\t\t\t<span class=\"elementor-divider-separator\">\n\t\t\t\t\t\t<\/span>\n\t\t<\/div>\n\t\t\t\t\t\t<\/div>\n\t\t\t\t<\/div>\n\t\t\t\t<div class=\"elementor-element elementor-element-1adc2d7 elementor-widget elementor-widget-text-editor\" data-id=\"1adc2d7\" data-element_type=\"widget\" data-widget_type=\"text-editor.default\">\n\t\t\t\t<div class=\"elementor-widget-container\">\n\t\t\t\t\t\t\t\t\t<p>Zig-zag Trading es mucho m\u00e1s que manteles y alfombras. Nos encargamos de satisfacer las necesidades de nuestros clientes mediante art\u00edculos para el hogar.<\/p>\t\t\t\t\t\t\t\t<\/div>\n\t\t\t\t<\/div>\n\t\t\t\t\t<\/div>\n\t\t<\/div>\n\t\t\t\t<div class=\"elementor-column elementor-col-50 elementor-top-column elementor-element elementor-element-e6b2d1b elementor-sm-100\" data-id=\"e6b2d1b\" data-element_type=\"column\">\n\t\t\t<div class=\"elementor-widget-wrap elementor-element-populated\">\n\t\t\t\t\t\t<div class=\"elementor-element elementor-element-65cf4401 gallery-spacing-custom elementor-widget elementor-widget-image-gallery\" data-id=\"65cf4401\" data-element_type=\"widget\" data-widget_type=\"image-gallery.default\">\n\t\t\t\t<div class=\"elementor-widget-container\">\n\t\t\t\t\t\t\t<div class=\"elementor-image-gallery\">\n\t\t\t<div id='gallery-1' class='gallery galleryid-287 gallery-columns-3 gallery-size-thumbnail'><figure class='gallery-item'>\n\t\t\t<div class='gallery-icon portrait'>\n\t\t\t\t<a data-elementor-open-lightbox=\"yes\" data-elementor-lightbox-slideshow=\"65cf4401\" data-elementor-lightbox-title=\"IMG_7936\" data-e-action-hash=\"#elementor-action%3Aaction%3Dlightbox%26settings%3DeyJpZCI6Mjk4LCJ1cmwiOiJodHRwczpcL1wvemlnLXphZy5jb20uZXNcL3dwLWNvbnRlbnRcL3VwbG9hZHNcLzIwMjFcLzA2XC9JTUdfNzkzNi1zY2FsZWQuanBnIiwic2xpZGVzaG93IjoiNjVjZjQ0MDEifQ%3D%3D\" href='https:\/\/zig-zag.com.es\/wp-content\/uploads\/2021\/06\/IMG_7936-scaled.jpg'><img decoding=\"async\" width=\"150\" height=\"150\" src=\"https:\/\/zig-zag.com.es\/wp-content\/uploads\/2021\/06\/IMG_7936-150x150.jpg\" class=\"attachment-thumbnail size-thumbnail\" alt=\"\" \/><\/a>\n\t\t\t<\/div><\/figure><figure class='gallery-item'>\n\t\t\t<div class='gallery-icon landscape'>\n\t\t\t\t<a data-elementor-open-lightbox=\"yes\" data-elementor-lightbox-slideshow=\"65cf4401\" data-elementor-lightbox-title=\"Detalle glass\" data-e-action-hash=\"#elementor-action%3Aaction%3Dlightbox%26settings%3DeyJpZCI6Mjk3LCJ1cmwiOiJodHRwczpcL1wvemlnLXphZy5jb20uZXNcL3dwLWNvbnRlbnRcL3VwbG9hZHNcLzIwMjFcLzA2XC9EZXRhbGxlLWdsYXNzLXNjYWxlZC5qcGciLCJzbGlkZXNob3ciOiI2NWNmNDQwMSJ9\" href='https:\/\/zig-zag.com.es\/wp-content\/uploads\/2021\/06\/Detalle-glass-scaled.jpg'><img decoding=\"async\" width=\"150\" height=\"150\" src=\"https:\/\/zig-zag.com.es\/wp-content\/uploads\/2021\/06\/Detalle-glass-150x150.jpg\" class=\"attachment-thumbnail size-thumbnail\" alt=\"\" \/><\/a>\n\t\t\t<\/div><\/figure><figure class='gallery-item'>\n\t\t\t<div class='gallery-icon landscape'>\n\t\t\t\t<a data-elementor-open-lightbox=\"yes\" data-elementor-lightbox-slideshow=\"65cf4401\" data-elementor-lightbox-title=\"MODEL_17_26\" data-e-action-hash=\"#elementor-action%3Aaction%3Dlightbox%26settings%3DeyJpZCI6Mjk2LCJ1cmwiOiJodHRwczpcL1wvemlnLXphZy5jb20uZXNcL3dwLWNvbnRlbnRcL3VwbG9hZHNcLzIwMjFcLzA2XC9NT0RFTF8xN18yNi5qcGciLCJzbGlkZXNob3ciOiI2NWNmNDQwMSJ9\" href='https:\/\/zig-zag.com.es\/wp-content\/uploads\/2021\/06\/MODEL_17_26.jpg'><img decoding=\"async\" width=\"150\" height=\"150\" src=\"https:\/\/zig-zag.com.es\/wp-content\/uploads\/2021\/06\/MODEL_17_26-150x150.jpg\" class=\"attachment-thumbnail size-thumbnail\" alt=\"\" \/><\/a>\n\t\t\t<\/div><\/figure><figure class='gallery-item'>\n\t\t\t<div class='gallery-icon landscape'>\n\t\t\t\t<a data-elementor-open-lightbox=\"yes\" data-elementor-lightbox-slideshow=\"65cf4401\" data-elementor-lightbox-title=\"AZUL_CLARO\" data-e-action-hash=\"#elementor-action%3Aaction%3Dlightbox%26settings%3DeyJpZCI6Mjk1LCJ1cmwiOiJodHRwczpcL1wvemlnLXphZy5jb20uZXNcL3dwLWNvbnRlbnRcL3VwbG9hZHNcLzIwMjFcLzA2XC9BWlVMX0NMQVJPLmpwZyIsInNsaWRlc2hvdyI6IjY1Y2Y0NDAxIn0%3D\" href='https:\/\/zig-zag.com.es\/wp-content\/uploads\/2021\/06\/AZUL_CLARO.jpg'><img loading=\"lazy\" decoding=\"async\" width=\"150\" height=\"150\" src=\"https:\/\/zig-zag.com.es\/wp-content\/uploads\/2021\/06\/AZUL_CLARO-150x150.jpg\" class=\"attachment-thumbnail size-thumbnail\" alt=\"\" \/><\/a>\n\t\t\t<\/div><\/figure><figure class='gallery-item'>\n\t\t\t<div class='gallery-icon landscape'>\n\t\t\t\t<a data-elementor-open-lightbox=\"yes\" data-elementor-lightbox-slideshow=\"65cf4401\" data-elementor-lightbox-title=\"Multi Azul\" data-e-action-hash=\"#elementor-action%3Aaction%3Dlightbox%26settings%3DeyJpZCI6Mjk0LCJ1cmwiOiJodHRwczpcL1wvemlnLXphZy5jb20uZXNcL3dwLWNvbnRlbnRcL3VwbG9hZHNcLzIwMjFcLzA2XC9NdWx0aS1BenVsLmpwZyIsInNsaWRlc2hvdyI6IjY1Y2Y0NDAxIn0%3D\" href='https:\/\/zig-zag.com.es\/wp-content\/uploads\/2021\/06\/Multi-Azul.jpg'><img loading=\"lazy\" decoding=\"async\" width=\"150\" height=\"150\" src=\"https:\/\/zig-zag.com.es\/wp-content\/uploads\/2021\/06\/Multi-Azul-150x150.jpg\" class=\"attachment-thumbnail size-thumbnail\" alt=\"\" \/><\/a>\n\t\t\t<\/div><\/figure><figure class='gallery-item'>\n\t\t\t<div class='gallery-icon landscape'>\n\t\t\t\t<a data-elementor-open-lightbox=\"yes\" data-elementor-lightbox-slideshow=\"65cf4401\" data-elementor-lightbox-title=\"Pavimento lunar rollo\" data-e-action-hash=\"#elementor-action%3Aaction%3Dlightbox%26settings%3DeyJpZCI6MjkzLCJ1cmwiOiJodHRwczpcL1wvemlnLXphZy5jb20uZXNcL3dwLWNvbnRlbnRcL3VwbG9hZHNcLzIwMjFcLzA2XC9QYXZpbWVudG8tbHVuYXItcm9sbG8uanBnIiwic2xpZGVzaG93IjoiNjVjZjQ0MDEifQ%3D%3D\" href='https:\/\/zig-zag.com.es\/wp-content\/uploads\/2021\/06\/Pavimento-lunar-rollo.jpg'><img loading=\"lazy\" decoding=\"async\" width=\"150\" height=\"150\" src=\"https:\/\/zig-zag.com.es\/wp-content\/uploads\/2021\/06\/Pavimento-lunar-rollo-150x150.jpg\" class=\"attachment-thumbnail size-thumbnail\" alt=\"\" \/><\/a>\n\t\t\t<\/div><\/figure>\n\t\t<\/div>\n\t\t<\/div>\n\t\t\t\t\t\t<\/div>\n\t\t\t\t<\/div>\n\t\t\t\t\t<\/div>\n\t\t<\/div>\n\t\t\t\t\t<\/div>\n\t\t<\/section>\n\t\t\t\t<section class=\"elementor-section elementor-top-section elementor-element elementor-element-2a4bd01b elementor-section-height-min-height elementor-section-content-middle elementor-section-boxed elementor-section-height-default elementor-section-items-middle\" data-id=\"2a4bd01b\" data-element_type=\"section\" data-settings=\"{&quot;background_background&quot;:&quot;classic&quot;}\">\n\t\t\t\t\t\t<div class=\"elementor-container elementor-column-gap-default\">\n\t\t\t\t\t<div class=\"elementor-column elementor-col-100 elementor-top-column elementor-element elementor-element-13dfd093\" data-id=\"13dfd093\" data-element_type=\"column\">\n\t\t\t<div class=\"elementor-widget-wrap elementor-element-populated\">\n\t\t\t\t\t\t<div class=\"elementor-element elementor-element-16a3155c elementor-widget elementor-widget-heading\" data-id=\"16a3155c\" data-element_type=\"widget\" data-widget_type=\"heading.default\">\n\t\t\t\t<div class=\"elementor-widget-container\">\n\t\t\t\t\t<h2 class=\"elementor-heading-title elementor-size-large\">Siempre a la \u00faltima con nuestros #accesoriosmolones<\/h2>\t\t\t\t<\/div>\n\t\t\t\t<\/div>\n\t\t\t\t<div class=\"elementor-element elementor-element-60cf4ae1 elementor-widget elementor-widget-spacer\" data-id=\"60cf4ae1\" data-element_type=\"widget\" data-widget_type=\"spacer.default\">\n\t\t\t\t<div class=\"elementor-widget-container\">\n\t\t\t\t\t\t\t<div class=\"elementor-spacer\">\n\t\t\t<div class=\"elementor-spacer-inner\"><\/div>\n\t\t<\/div>\n\t\t\t\t\t\t<\/div>\n\t\t\t\t<\/div>\n\t\t\t\t\t<\/div>\n\t\t<\/div>\n\t\t\t\t\t<\/div>\n\t\t<\/section>\n\t\t\t\t<section class=\"elementor-section elementor-top-section elementor-element elementor-element-19381a69 elementor-section-content-middle elementor-section-boxed elementor-section-height-default elementor-section-height-default\" data-id=\"19381a69\" data-element_type=\"section\">\n\t\t\t\t\t\t<div class=\"elementor-container elementor-column-gap-no\">\n\t\t\t\t\t<div class=\"elementor-column elementor-col-100 elementor-top-column elementor-element elementor-element-1e6823ce\" data-id=\"1e6823ce\" data-element_type=\"column\">\n\t\t\t<div class=\"elementor-widget-wrap elementor-element-populated\">\n\t\t\t\t\t\t<div class=\"elementor-element elementor-element-456cb4e7 elementor-widget elementor-widget-heading\" data-id=\"456cb4e7\" data-element_type=\"widget\" data-widget_type=\"heading.default\">\n\t\t\t\t<div class=\"elementor-widget-container\">\n\t\t\t\t\t<h4 class=\"elementor-heading-title elementor-size-default\">\u00bf Quieres saber m\u00e1s ?<\/h4>\t\t\t\t<\/div>\n\t\t\t\t<\/div>\n\t\t\t\t<div class=\"elementor-element elementor-element-1bf7ec9a elementor-widget elementor-widget-text-editor\" data-id=\"1bf7ec9a\" data-element_type=\"widget\" data-widget_type=\"text-editor.default\">\n\t\t\t\t<div class=\"elementor-widget-container\">\n\t\t\t\t\t\t\t\t\t<p>Disponemos de una amplia red de comerciales dispuestos a mostrarte todas nuestras colecciones. \u00a1No dudes en contactarnos! Estaremos encantados de ayudarte<\/p>\t\t\t\t\t\t\t\t<\/div>\n\t\t\t\t<\/div>\n\t\t\t\t<div class=\"elementor-element elementor-element-41c7dd3c elementor-align-center elementor-widget elementor-widget-button\" data-id=\"41c7dd3c\" data-element_type=\"widget\" data-widget_type=\"button.default\">\n\t\t\t\t<div class=\"elementor-widget-container\">\n\t\t\t\t\t\t\t\t\t<div class=\"elementor-button-wrapper\">\n\t\t\t\t\t<a class=\"elementor-button elementor-button-link elementor-size-sm elementor-animation-grow\" href=\"https:\/\/zig-zag.com.es\/?page_id=317\">\n\t\t\t\t\t\t<span class=\"elementor-button-content-wrapper\">\n\t\t\t\t\t\t\t\t\t<span class=\"elementor-button-text\">CONT\u00c1CTANOS<\/span>\n\t\t\t\t\t<\/span>\n\t\t\t\t\t<\/a>\n\t\t\t\t<\/div>\n\t\t\t\t\t\t\t\t<\/div>\n\t\t\t\t<\/div>\n\t\t\t\t\t<\/div>\n\t\t<\/div>\n\t\t\t\t\t<\/div>\n\t\t<\/section>\n\t\t\t\t<\/div>\n\t\t","protected":false},"excerpt":{"rendered":"<p>Accesorios de hogar Zig-zag Trading es mucho m\u00e1s que manteles y alfombras. Nos encargamos de satisfacer las necesidades de nuestros clientes mediante art\u00edculos para el hogar. Siempre a la \u00faltima con nuestros #accesoriosmolones \u00bf Quieres saber m\u00e1s ? Disponemos de una amplia red de comerciales dispuestos a mostrarte todas nuestras colecciones. \u00a1No dudes en contactarnos! &hellip;<\/p>\n<p class=\"read-more\"> <a class=\"\" href=\"https:\/\/zig-zag.com.es\/?page_id=287\"> <span class=\"screen-reader-text\">ACCESORIOS DE HOGAR<\/span> Read More &raquo;<\/a><\/p>\n","protected":false},"author":1,"featured_media":0,"parent":0,"menu_order":0,"comment_status":"closed","ping_status":"closed","template":"","meta":{"_joinchat":[],"footnotes":""},"class_list":["post-287","page","type-page","status-publish","hentry"],"_links":{"self":[{"href":"https:\/\/zig-zag.com.es\/index.php?rest_route=\/wp\/v2\/pages\/287","targetHints":{"allow":["GET"]}}],"collection":[{"href":"https:\/\/zig-zag.com.es\/index.php?rest_route=\/wp\/v2\/pages"}],"about":[{"href":"https:\/\/zig-zag.com.es\/index.php?rest_route=\/wp\/v2\/types\/page"}],"author":[{"embeddable":true,"href":"https:\/\/zig-zag.com.es\/index.php?rest_route=\/wp\/v2\/users\/1"}],"replies":[{"embeddable":true,"href":"https:\/\/zig-zag.com.es\/index.php?rest_route=%2Fwp%2Fv2%2Fcomments&post=287"}],"version-history":[{"count":16,"href":"https:\/\/zig-zag.com.es\/index.php?rest_route=\/wp\/v2\/pages\/287\/revisions"}],"predecessor-version":[{"id":416,"href":"https:\/\/zig-zag.com.es\/index.php?rest_route=\/wp\/v2\/pages\/287\/revisions\/416"}],"wp:attachment":[{"href":"https:\/\/zig-zag.com.es\/index.php?rest_route=%2Fwp%2Fv2%2Fmedia&parent=287"}],"curies":[{"name":"wp","href":"https:\/\/api.w.org\/{rel}","templated":true}]}}